{"id":35639,"date":"2026-02-04T12:52:05","date_gmt":"2026-02-04T11:52:05","guid":{"rendered":"https:\/\/runlikeahero.com\/producto\/aportacion-km-0-mostoles-4\/"},"modified":"2026-02-04T12:52:05","modified_gmt":"2026-02-04T11:52:05","slug":"aportacion-km-0-mostoles-4","status":"publish","type":"product","link":"https:\/\/runlikeahero.com\/en\/producto\/aportacion-km-0-mostoles-4\/","title":{"rendered":"Aportaci\u00f3n KM 0 &#8211; M\u00f3stoles"},"content":{"rendered":"","protected":false},"excerpt":{"rendered":"<p>Apoya a la investigaci\u00f3n del s\u00edndrome Phelan-McDermid.<\/p>\n","protected":false},"featured_media":0,"template":"","meta":{"_price":"5","_stock":"","_tribe_ticket_header":"","_tribe_default_ticket_provider":"","_tribe_ticket_capacity":"-1","_ticket_start_date":"2025-12-01 00:00:00","_ticket_end_date":"2025-12-27 23:30:00","_tribe_ticket_show_description":"yes","_tribe_ticket_show_not_going":false,"_tribe_ticket_use_global_stock":"","_tribe_ticket_global_stock_level":"","_global_stock_mode":"","_global_stock_cap":"","_tribe_rsvp_for_event":"","_tribe_ticket_going_count":"","_tribe_ticket_not_going_count":"","_tribe_tickets_list":"[]","_tribe_ticket_has_attendee_info_fields":false,"_tec_slr_enabled":"","_tec_slr_layout":""},"product_brand":[],"product_cat":[],"product_tag":[],"class_list":{"0":"post-35639","1":"product","2":"type-product","3":"status-publish","6":"first","7":"instock","8":"virtual","9":"purchasable","10":"product-type-simple"},"_links":{"self":[{"href":"https:\/\/runlikeahero.com\/en\/wp-json\/wp\/v2\/product\/35639","targetHints":{"allow":["GET"]}}],"collection":[{"href":"https:\/\/runlikeahero.com\/en\/wp-json\/wp\/v2\/product"}],"about":[{"href":"https:\/\/runlikeahero.com\/en\/wp-json\/wp\/v2\/types\/product"}],"wp:attachment":[{"href":"https:\/\/runlikeahero.com\/en\/wp-json\/wp\/v2\/media?parent=35639"}],"wp:term":[{"taxonomy":"product_brand","embeddable":true,"href":"https:\/\/runlikeahero.com\/en\/wp-json\/wp\/v2\/product_brand?post=35639"},{"taxonomy":"product_cat","embeddable":true,"href":"https:\/\/runlikeahero.com\/en\/wp-json\/wp\/v2\/product_cat?post=35639"},{"taxonomy":"product_tag","embeddable":true,"href":"https:\/\/runlikeahero.com\/en\/wp-json\/wp\/v2\/product_tag?post=35639"}],"curies":[{"name":"wp","href":"https:\/\/api.w.org\/{rel}","templated":true}]}}